{"id":225,"date":"2018-12-09T16:55:11","date_gmt":"2018-12-09T16:55:11","guid":{"rendered":"http:\/\/laranathalieaugust.de\/?page_id=225"},"modified":"2018-12-28T22:08:14","modified_gmt":"2018-12-28T22:08:14","slug":"lehrgaenge","status":"publish","type":"page","link":"https:\/\/laranathalieaugust.de\/?page_id=225","title":{"rendered":"Lehrg\u00e4nge"},"content":{"rendered":"<h2>Sitzschulung<\/h2>\n<p>Sitzschulung mit Franklinb\u00e4llen, \u00dcbungen am Boden und auf dem Pferd, Funktionsgymnastik und theoretische Schulung zum Thema \u201eSitz\u201c sowie individuelle \u00dcbungen f\u00fcr jeden Reiter zum weiteren Training nach dem Seminar.<\/p>\n<h2>Stangenarbeit und Cavalettitraining zur Abwechslung im Training<\/h2>\n<p>Schulung der Kondition, Kraftausdauer und der Reaktionsf\u00e4higkeit, Koordination, Verbesserung der Bewegungen des Pferdes, des Sitzes, des reiterlichen Gef\u00fchls und der Anpassungsf\u00e4higkeit.<\/p>\n\n\n<figure class=\"wp-block-image\"><img loading=\"lazy\" decoding=\"async\" width=\"1024\" height=\"688\" src=\"https:\/\/laranathalieaugust.de\/wp-content\/uploads\/2018\/11\/1-1024x688.jpg\" alt=\"\" class=\"wp-image-94\" srcset=\"https:\/\/laranathalieaugust.de\/wp-content\/uploads\/2018\/11\/1-1024x688.jpg 1024w, https:\/\/laranathalieaugust.de\/wp-content\/uploads\/2018\/11\/1-300x201.jpg 300w, https:\/\/laranathalieaugust.de\/wp-content\/uploads\/2018\/11\/1-768x516.jpg 768w, https:\/\/laranathalieaugust.de\/wp-content\/uploads\/2018\/11\/1-1x1.jpg 1w, https:\/\/laranathalieaugust.de\/wp-content\/uploads\/2018\/11\/1.jpg 1400w\" sizes=\"(max-width: 1024px) 100vw, 1024px\" \/><\/figure>\n","protected":false},"excerpt":{"rendered":"<p>Sitzschulung Sitzschulung mit Franklinb\u00e4llen, \u00dcbungen am Boden und auf dem Pferd, Funktionsgymnastik und theoretische Schulung zum Thema \u201eSitz\u201c sowie individuelle \u00dcbungen f\u00fcr jeden Reiter zum weiteren Training nach dem Seminar. Stangenarbeit und Cavalettitraining zur Abwechslung im Training Schulung der Kondition, Kraftausdauer und der Reaktionsf\u00e4higkeit, Koordination, Verbesserung der Bewegungen des Pferdes, des Sitzes, des reiterlichen Gef\u00fchls [&hellip;]<\/p>\n","protected":false},"author":2,"featured_media":0,"parent":0,"menu_order":0,"comment_status":"closed","ping_status":"closed","template":"","meta":{"footnotes":""},"class_list":["post-225","page","type-page","status-publish","hentry"],"_links":{"self":[{"href":"https:\/\/laranathalieaugust.de\/index.php?rest_route=\/wp\/v2\/pages\/225"}],"collection":[{"href":"https:\/\/laranathalieaugust.de\/index.php?rest_route=\/wp\/v2\/pages"}],"about":[{"href":"https:\/\/laranathalieaugust.de\/index.php?rest_route=\/wp\/v2\/types\/page"}],"author":[{"embeddable":true,"href":"https:\/\/laranathalieaugust.de\/index.php?rest_route=\/wp\/v2\/users\/2"}],"replies":[{"embeddable":true,"href":"https:\/\/laranathalieaugust.de\/index.php?rest_route=%2Fwp%2Fv2%2Fcomments&post=225"}],"version-history":[{"count":4,"href":"https:\/\/laranathalieaugust.de\/index.php?rest_route=\/wp\/v2\/pages\/225\/revisions"}],"predecessor-version":[{"id":280,"href":"https:\/\/laranathalieaugust.de\/index.php?rest_route=\/wp\/v2\/pages\/225\/revisions\/280"}],"wp:attachment":[{"href":"https:\/\/laranathalieaugust.de\/index.php?rest_route=%2Fwp%2Fv2%2Fmedia&parent=225"}],"curies":[{"name":"wp","href":"https:\/\/api.w.org\/{rel}","templated":true}]}}