{"id":320,"date":"2018-12-29T12:34:39","date_gmt":"2018-12-29T12:34:39","guid":{"rendered":"http:\/\/laranathalieaugust.de\/?page_id=320"},"modified":"2024-08-29T13:59:40","modified_gmt":"2024-08-29T13:59:40","slug":"ueber-mich-2","status":"publish","type":"page","link":"https:\/\/laranathalieaugust.de\/?page_id=320","title":{"rendered":""},"content":{"rendered":"\n<p><\/p>\n\n\n<p><strong><img loading=\"lazy\" decoding=\"async\" class=\"aligncenter size-full wp-image-99\" src=\"https:\/\/laranathalieaugust.de\/wp-content\/uploads\/2018\/11\/45875805_195079831403959_5133743644058058752_n.jpg\" alt=\"\" width=\"2048\" height=\"1536\" srcset=\"https:\/\/laranathalieaugust.de\/wp-content\/uploads\/2018\/11\/45875805_195079831403959_5133743644058058752_n.jpg 2048w, https:\/\/laranathalieaugust.de\/wp-content\/uploads\/2018\/11\/45875805_195079831403959_5133743644058058752_n-300x225.jpg 300w, https:\/\/laranathalieaugust.de\/wp-content\/uploads\/2018\/11\/45875805_195079831403959_5133743644058058752_n-768x576.jpg 768w, https:\/\/laranathalieaugust.de\/wp-content\/uploads\/2018\/11\/45875805_195079831403959_5133743644058058752_n-1024x768.jpg 1024w, https:\/\/laranathalieaugust.de\/wp-content\/uploads\/2018\/11\/45875805_195079831403959_5133743644058058752_n-1x1.jpg 1w\" sizes=\"(max-width: 2048px) 100vw, 2048px\" \/><\/strong><\/p>\n<p class=\"western\" style=\"text-align: center;\"><strong><span style=\"font-family: Lucida Sans Unicode, sans-serif;\"><span style=\"font-size: medium;\">Lara Nathalie August, geboren am 18.06.1990 in Hamburg<\/span><\/span><\/strong><\/p>\n<h1 style=\"text-align: center;\"><span style=\"color: #d6d022;\">Systemische Beraterin und Reitlehrerin<\/span><\/h1>\n<p class=\"western\"><span style=\"font-family: Lucida Sans Unicode, sans-serif;\"><span style=\"font-size: medium;\">Seit ich denken kann befasse ich mich beruflich wie privat mit dem Bereich der Unterrichtserteilung und der Psychologie und habe mir nach vielen Fortbildungen den Traum der nebenberuflichen Selbstst\u00e4ndigkeit darin erf\u00fcllt. Nachdem ich in den letzten 10 Jahren \u00fcberwiegend mit Kindern und Jugendlichen gearbeitet habe, auch viel im Bereich der Eltern- und Erziehungsberatung, arbeite ich mittlerweile gr\u00f6\u00dftenteils selbstst\u00e4ndig als psychologische Beraterin und Reitlehrerin. <\/span><\/span><\/p>\n<p class=\"western\"><span style=\"font-family: Lucida Sans Unicode, sans-serif;\"><span style=\"font-size: medium;\">Zus\u00e4tzlich gebe ich Seminare f\u00fcr Einzelklienten und Paare und halte Vortr\u00e4ge und Lesungen \u00fcber Selbstwirksamkeit und Motivation. Ich liebe die Arbeit mit Menschen, insbesondere mit Kindern und Familien. Ich m\u00f6chte meinen Kunden helfen, sich und ihre Umwelt besser zu verstehen und mit ihnen zusammen das gr\u00f6\u00dftm\u00f6gliche Potenzial zur pers\u00f6nlichen Weiterentwicklung herauszuarbeiten. Im Fokus steht bei mir immer das k\u00f6rperliche und psychische Wohlergehen der Kunden im Kontext ihrer Biografie und der sozialen Systeme, in denen sie leben. <\/span><\/span><\/p>\n<p class=\"western\"><span style=\"font-family: Lucida Sans Unicode, sans-serif;\"><span style=\"font-size: medium;\"> Bereits kleine Impulse k\u00f6nnen oft gro\u00dfe Entwicklungsschritte erm\u00f6glichen und viel Raum zur pers\u00f6nlichen Entwicklung geben. Ich bin davon \u00fcberzeugt, dass jeder Mensch gen\u00fcgend F\u00e4higkeiten besitzt, sein Leben kraftvoll, selbstwirksam und positiv zu gestalten und auch gen\u00fcgend Ressourcen besitzt, um mit R\u00fcckschl\u00e4gen umzugehen. Auf Wunsch setze ich in der psychologischen Beratung auch Pferde als Co-Trainer ein.<\/span><\/span><\/p>\n<p class=\"western\"><span style=\"font-family: Lucida Sans Unicode, sans-serif;\"><span style=\"font-size: medium;\"> Ich freue mich auf die Arbeit mit Ihnen! <\/span><\/span><\/p>\n<p class=\"western\"><span style=\"color: #d6d022;\"><span style=\"font-family: Lucida Sans Unicode, sans-serif;\"><span style=\"font-size: medium;\">Lara Nathalie August<\/span><\/span><\/span><\/p>\n<p><strong><span style=\"color: #000000;\"><em>Ausz\u00fcge aus dem Lebenslauf <\/em><\/span><\/strong><\/p>\n<p><strong>Zertifizierte Einzel-Paar und Familienberaterin: Weiterbildung in Systemischer Paar- und Familientherapie,\u00a0 (11\/2016 \u2013 11\/2017 Institut f\u00fcr systemische Einzel- Paar- und Familientherapie ISPF e.V. Hamburg, Zertifizierung \u00fcber das Institut)<\/strong><\/p>\n<p><em><strong>\u00a0<\/strong><\/em><\/p>\n<p>&#8211; Assistentin der Dozenten am\u00a0 Institut f\u00fcr systemische Einzel- Paar- und Familientherapie ISPF e.V. Hamburg (<strong>11\/2018 \u2013 12\/ 2019<\/strong>)<\/p>\n<p>&#8211; Dozentin an der Volkshochschule Schenefeld (<strong>ab 02\/2019 Einzelseminar: Pers\u00f6nliche Ressourcen st\u00e4rken<\/strong>)<\/p>\n<p>&#8211; seit August 2016 Trainer C Basissport im Reiten mit g\u00fcltiger Lizenz<\/p>\n<p>&nbsp;<\/p>","protected":false},"excerpt":{"rendered":"<p>Lara Nathalie August, geboren am 18.06.1990 in Hamburg Systemische Beraterin und Reitlehrerin Seit ich denken kann befasse ich mich beruflich wie privat mit dem Bereich der Unterrichtserteilung und der Psychologie und habe mir nach vielen Fortbildungen den Traum der nebenberuflichen Selbstst\u00e4ndigkeit darin erf\u00fcllt. Nachdem ich in den letzten 10 Jahren \u00fcberwiegend mit Kindern und Jugendlichen [&hellip;]<\/p>\n","protected":false},"author":2,"featured_media":0,"parent":0,"menu_order":0,"comment_status":"closed","ping_status":"closed","template":"full-width.php","meta":{"footnotes":""},"class_list":["post-320","page","type-page","status-publish","hentry"],"_links":{"self":[{"href":"https:\/\/laranathalieaugust.de\/index.php?rest_route=\/wp\/v2\/pages\/320"}],"collection":[{"href":"https:\/\/laranathalieaugust.de\/index.php?rest_route=\/wp\/v2\/pages"}],"about":[{"href":"https:\/\/laranathalieaugust.de\/index.php?rest_route=\/wp\/v2\/types\/page"}],"author":[{"embeddable":true,"href":"https:\/\/laranathalieaugust.de\/index.php?rest_route=\/wp\/v2\/users\/2"}],"replies":[{"embeddable":true,"href":"https:\/\/laranathalieaugust.de\/index.php?rest_route=%2Fwp%2Fv2%2Fcomments&post=320"}],"version-history":[{"count":42,"href":"https:\/\/laranathalieaugust.de\/index.php?rest_route=\/wp\/v2\/pages\/320\/revisions"}],"predecessor-version":[{"id":586,"href":"https:\/\/laranathalieaugust.de\/index.php?rest_route=\/wp\/v2\/pages\/320\/revisions\/586"}],"wp:attachment":[{"href":"https:\/\/laranathalieaugust.de\/index.php?rest_route=%2Fwp%2Fv2%2Fmedia&parent=320"}],"curies":[{"name":"wp","href":"https:\/\/api.w.org\/{rel}","templated":true}]}}