{"id":6,"date":"2018-11-06T03:48:09","date_gmt":"2018-11-06T03:48:09","guid":{"rendered":"http:\/\/laranathalieaugust.de\/?page_id=6"},"modified":"2020-10-12T13:44:20","modified_gmt":"2020-10-12T13:44:20","slug":"impressum-und-datenschutz","status":"publish","type":"page","link":"https:\/\/laranathalieaugust.de\/?page_id=6","title":{"rendered":"Impressum und Datenschutz"},"content":{"rendered":"<p>Lara Nathalie August<\/p>\n<p>In de Masch 22<br \/>\n22869 Schenefeld<br \/>\nHandy 0176 4974 3864<\/p>\n<p>Steueridentifikationsnummer 83 401 795 723<\/p>\n<p>Systemische Beratung und pferdegest\u00fctztes Coaching<\/p>\n<p>Steuernummer 31\/002\/62001<br \/>\nEinzelunternehmen, umsatzsteuerbefreit ge<em>m\u00e4\u00df<strong> \u00a7 19 UStG <\/strong><\/em><\/p>\n<p>Reitunterricht<br \/>\nSteuernummer 31\/002\/07125<\/p>\n<p>Einzelunternehmen, umsatzsteuerbefreit ge<em>m\u00e4\u00df<strong> \u00a7 19 UStG 7<\/strong><\/em><\/p>\n<h3>Gewerbliche Haftpflichtversicherungen:<\/h3>\n<h3>psychologische Beratung und pferdegest\u00fctzes Coaching, Haftpflicht f\u00fcr (gemietete)Schulpferde und Therapiepferde,<\/h3>\n<h3>Die Continentale, Landesdirektion Zellerer GmbH, 81476 M\u00fcnchen<\/h3>\n<h3>Reitlehrerhaftpflicht: R+V Allgemeine Versicherung, 30163 Hannover<\/h3>\n<h4><\/h4>\n<h3>Inhaltlich verantwortlich\/vertretungsberechtigt: Lara Nathalie August<\/h3>\n<h3>Quellenangaben f\u00fcr Bilder:\u00a0<strong>pferde-fluestern.de \/ Redaktionelles Bildarchiv<\/strong><br \/>\nQuellenangaben f\u00fcr Logos: Lara Nathalie August<\/h3>\n<h3>Webdesign: S-C-H Stader Computer Hilfe, Sascha Friedrichs (Telefon 0152 34590044)<\/h3>\n<p><strong>Allgemeines:<\/strong><\/p>\n<p>Der Betreiber dieser Seiten nimmt den Schutz Ihrer pers\u00f6nlichen Daten sehr ernst. Wir behandeln Ihre personenbezogenen Daten vertraulich und entsprechend der gesetzlichen Datenschutzvorschriften sowie dieser Datenschutzerkl\u00e4rung.<\/p>\n<p>Die Nutzung unserer Webseite ist in der Regel ohne Angabe personenbezogener Daten m\u00f6glich. Soweit auf unseren Seiten personenbezogene Daten (beispielsweise Name, Anschrift oder E-Mail-Adressen) erhoben werden, erfolgt dies, soweit m\u00f6glich, stets auf freiwilliger Basis. Diese Daten werden ohne Ihre ausdr\u00fcckliche Zustimmung nicht an Dritte weitergegeben.<\/p>\n<p>Wir weisen darauf hin, dass die Daten\u00fcbertragung im Internet (z.B. bei der Kommunikation per E-Mail) Sicherheitsl\u00fccken aufweisen kann. Ein l\u00fcckenloser Schutz der Daten vor dem Zugriff durch Dritte ist nicht m\u00f6glich.<\/p>\n<p>Aus den vergangenen Ereignissen der letzten Jahren im internationalen Datenverkehr, haben wir entschlossen Ihren Datenschutz in den absoluten Vordergrund zu stellen.<\/p>\n<p>Durch Sicherheitsl\u00fccken in der digitalen Technik kam es immer wieder vor das Hacker wertvolle Informationen von namhaften Plattformen stahlen.<\/p>\n<p>Wir m\u00f6chten Sie darauf hinweisen das wir ihre Daten altmodisch aber sicher ausschlie\u00dflich Analog abspeichern. Einzig und allein die Rechnungserstellung erfolgt digital und lokal auf einem Passwortgesch\u00fctztem Computer. Dadurch verringern sich zwar die Bearbeitungszeit und der Wiedererkennungswert aber die Sicherheit steht im absoluten Vordergrund.<\/p>\n<p><strong>Gesetzeslage:<\/strong><\/p>\n<p>Wir m\u00f6chten ebenfalls darauf hinweisen, dass wir uns an die von der EU-Vorgeschriebene DSGVO halten und dem deutschen Bundesdatenschutzgesetz (BDSG) unterliegen.<\/p>\n<p>Diese beiden Gesetze schreiben vor, dass Sie jederzeit Auskunft \u00fcber ihre gespeicherten Daten beantragen d\u00fcrfen, dass Sie jederzeit eine L\u00f6schung ihrer Daten beantragen d\u00fcrfen und dass Sie jederzeit eine Speicherung ihrer Daten verweigern d\u00fcrfen.<\/p>\n<p>Wir haften als Unternehmer f\u00fcr Ihre Daten pers\u00f6nlich deshalb m\u00f6chte ich mich von der Haftung befreien sollten die Daten durch eine Straftat verloren oder besch\u00e4digt werden. (Einbruchsdiebstahl)<\/p>\n<p><strong>Weitergabe an Dritte:<\/strong><\/p>\n<p>Ihre Daten werden lediglich zur Rechnungserstellung und zur Wiedererkennung verwendet. Ich gebe Ihre Daten ausschlie\u00dflich unter Ihrem eigenen pers\u00f6nlichem Einverst\u00e4ndnis an Dritte weiter. (F\u00fcr Kontaktanfragen durch Bekannte).<\/p>\n<p>Ihre Daten werden nicht an Dritte verkauft und\/oder an Dritte ohne ihrem Einverst\u00e4ndnis weitergegeben. Ebenso versichere ich Ihnen, dass ihre Daten lediglich f\u00fcr Personen bzw. Firmen sichtbar sind, die ebenso hohe qualitative Anspr\u00fcche an Ihren Datenschutz stellen. (Computerwerkst\u00e4tten, Webdesigner).<\/p>\n<p><strong>Cookies<\/strong><\/p>\n<p>Die Internetseiten verwenden teilweise so genannte Cookies. Cookies richten auf Ihrem Rechner keinen Schaden an und enthalten keine Viren. Cookies dienen dazu, unser Angebot nutzerfreundlicher, effektiver und sicherer zu machen. Cookies sind kleine Textdateien, die auf Ihrem Rechner abgelegt werden und die Ihr Browser speichert.<\/p>\n<p>Die meisten der von uns verwendeten Cookies sind so genannte \u201eSession-Cookies\u201c. Sie werden nach Ende Ihres Besuchs automatisch gel\u00f6scht. Andere Cookies bleiben auf Ihrem Endger\u00e4t gespeichert, bis Sie diese l\u00f6schen. Diese Cookies erm\u00f6glichen es uns, Ihren Browser beim n\u00e4chsten Besuch wiederzuerkennen.<\/p>\n<p>Sie k\u00f6nnen Ihren Browser so einstellen, dass Sie \u00fcber das Setzen von Cookies informiert werden und Cookies nur im Einzelfall erlauben, die Annahme von Cookies f\u00fcr bestimmte F\u00e4lle oder generell ausschlie\u00dfen sowie das automatische L\u00f6schen der Cookies beim Schlie\u00dfen des Browser aktivieren. Bei der Deaktivierung von Cookies kann die Funktionalit\u00e4t dieser Website eingeschr\u00e4nkt sein.<\/p>\n<p>Sollten Sie weiterhin Fragen zu meiner Arbeitsweise mit ihren Daten haben, schreiben Sie mich gerne an und ich werde Ihre Anfrage schnellst m\u00f6glichst beantworten.<\/p>\n<h2>Haftungsausschluss<\/h2>\n<p><strong>Haftung f\u00fcr Inhalte<\/strong><\/p>\n<p>Als Diensteanbieter sind wir gem\u00e4\u00df \u00a7 7 Abs.1 TMG f\u00fcr eigene Inhalte auf diesen Seiten nach den allgemeinen Gesetzen verantwortlich. Nach \u00a7\u00a7 8 bis 10 TMG sind wir als Diensteanbieter jedoch nicht verpflichtet, \u00fcbermittelte oder gespeicherte fremde Informationen zu \u00fcberwachen oder nach Umst\u00e4nden zu forschen, die auf eine rechtswidrige T\u00e4tigkeit hinweisen. Verpflichtungen zur Entfernung oder Sperrung der Nutzung von Informationen nach den allgemeinen Gesetzen bleiben hiervon unber\u00fchrt. Eine diesbez\u00fcgliche Haftung ist jedoch erst ab dem Zeitpunkt der Kenntnis einer konkreten Rechtsverletzung m\u00f6glich. Bei Bekanntwerden von entsprechenden Rechtsverletzungen werden wir diese Inhalte umgehend entfernen.<\/p>\n<p><strong>Haftung f\u00fcr Links<\/strong><\/p>\n<p>Unser Angebot enth\u00e4lt Links zu externen Webseiten Dritter, auf deren Inhalte wir keinen Einfluss haben. Deshalb k\u00f6nnen wir f\u00fcr diese fremden Inhalte auch keine Gew\u00e4hr \u00fcbernehmen. F\u00fcr die Inhalte der verlinkten Seiten ist stets der jeweilige Anbieter oder Betreiber der Seiten verantwortlich. Die verlinkten Seiten wurden zum Zeitpunkt der Verlinkung auf m\u00f6gliche Rechtsverst\u00f6\u00dfe \u00fcberpr\u00fcft. Rechtswidrige Inhalte waren zum Zeitpunkt der Verlinkung nicht erkennbar. Eine permanente inhaltliche Kontrolle der verlinkten Seiten ist jedoch ohne konkrete Anhaltspunkte einer Rechtsverletzung nicht zumutbar. Bei Bekanntwerden von Rechtsverletzungen werden wir derartige Links umgehend entfernen.<\/p>\n<p><strong>Urheberrecht<\/strong><\/p>\n<p>Die durch die Seitenbetreiber erstellten Inhalte und Werke auf diesen Seiten unterliegen dem deutschen Urheberrecht. Die Vervielf\u00e4ltigung, Bearbeitung, Verbreitung und jede Art der Verwertung au\u00dferhalb der Grenzen des Urheberrechtes bed\u00fcrfen der schriftlichen Zustimmung des jeweiligen Autors bzw. Erstellers. Downloads und Kopien dieser Seite sind nur f\u00fcr den privaten, nicht kommerziellen Gebrauch gestattet. Soweit die Inhalte auf dieser Seite nicht vom Betreiber erstellt wurden, werden die Urheberrechte Dritter beachtet. Insbesondere werden Inhalte Dritter als solche gekennzeichnet. Sollten Sie trotzdem auf eine Urheberrechtsverletzung aufmerksam werden, bitten wir um einen entsprechenden Hinweis. Bei Bekanntwerden von Rechtsverletzungen werden wir derartige Inhalte umgehend entfernen.<\/p>\n","protected":false},"excerpt":{"rendered":"<p>Lara Nathalie August In de Masch 22 22869 Schenefeld Handy 0176 4974 3864 Steueridentifikationsnummer 83 401 795 723 Systemische Beratung und pferdegest\u00fctztes Coaching Steuernummer 31\/002\/62001 Einzelunternehmen, umsatzsteuerbefreit gem\u00e4\u00df \u00a7 19 UStG Reitunterricht Steuernummer 31\/002\/07125 Einzelunternehmen, umsatzsteuerbefreit gem\u00e4\u00df \u00a7 19 UStG 7 Gewerbliche Haftpflichtversicherungen: psychologische Beratung und pferdegest\u00fctzes Coaching, Haftpflicht f\u00fcr (gemietete)Schulpferde und Therapiepferde, Die Continentale, [&hellip;]<\/p>\n","protected":false},"author":2,"featured_media":0,"parent":0,"menu_order":0,"comment_status":"closed","ping_status":"closed","template":"full-width.php","meta":{"footnotes":""},"class_list":["post-6","page","type-page","status-publish","hentry"],"_links":{"self":[{"href":"https:\/\/laranathalieaugust.de\/index.php?rest_route=\/wp\/v2\/pages\/6"}],"collection":[{"href":"https:\/\/laranathalieaugust.de\/index.php?rest_route=\/wp\/v2\/pages"}],"about":[{"href":"https:\/\/laranathalieaugust.de\/index.php?rest_route=\/wp\/v2\/types\/page"}],"author":[{"embeddable":true,"href":"https:\/\/laranathalieaugust.de\/index.php?rest_route=\/wp\/v2\/users\/2"}],"replies":[{"embeddable":true,"href":"https:\/\/laranathalieaugust.de\/index.php?rest_route=%2Fwp%2Fv2%2Fcomments&post=6"}],"version-history":[{"count":13,"href":"https:\/\/laranathalieaugust.de\/index.php?rest_route=\/wp\/v2\/pages\/6\/revisions"}],"predecessor-version":[{"id":518,"href":"https:\/\/laranathalieaugust.de\/index.php?rest_route=\/wp\/v2\/pages\/6\/revisions\/518"}],"wp:attachment":[{"href":"https:\/\/laranathalieaugust.de\/index.php?rest_route=%2Fwp%2Fv2%2Fmedia&parent=6"}],"curies":[{"name":"wp","href":"https:\/\/api.w.org\/{rel}","templated":true}]}}