{"id":9,"date":"2018-11-06T03:52:23","date_gmt":"2018-11-06T03:52:23","guid":{"rendered":"http:\/\/laranathalieaugust.de\/?page_id=9"},"modified":"2020-08-17T12:27:28","modified_gmt":"2020-08-17T12:27:28","slug":"systemische-beratung","status":"publish","type":"page","link":"https:\/\/laranathalieaugust.de\/?page_id=9","title":{"rendered":""},"content":{"rendered":"<hr \/>\n<h2 style=\"text-align: center;\">Systemische Beratung ist eine Form der Lebensberatung. Sie bietet Hilfe zur Selbsthilfe.<\/h2>\n<h1 style=\"text-align: center;\"><span style=\"color: #d6d022;\">\u201e\u00c4ndere deine Gedanken und du \u00e4nderst deine Welt!\u201c<\/span><\/h1>\n<hr \/>\n<p>Sie ist individuell und l\u00f6sungsorientiert.<\/p>\n<p>Der Klient erarbeitet unter meiner Anleitung seine eigenen L\u00f6sungswege und Ziele.<\/p>\n<p>Systemische Beratung ist ressourcenst\u00e4rkend, pers\u00f6nlichkeitsst\u00e4rkend und ganzheitlich.<\/p>\n<p>Sie erfasst den Klienten im Kontext all seiner sozialen Systeme, mit all seinen Pers\u00f6nlichkeitsanteilen und seiner gesamten Biografie. Der Fokus liegt immer auf der Ver\u00e4nderung.<\/p>\n<p>Sie bewertet nicht.<\/p>\n<p>Sie\u00a0 macht mit ihren Methoden unbewusste Prozesse, Zusammenh\u00e4nge und m\u00f6gliche L\u00f6sungswege\u00a0 sichtbar und greifbar, zum Beispiel durch Aufstellungsarbeiten, Arbeit mit dem Familienbrett oder Arbeit mit Gedichten und Geschichten, Zeichnungen, inneren Bildern und Figuren.<\/p>\n<h4>Anregungen<\/h4>\n<ul>\n<li>Die L\u00f6sung von damals ist zum Problem von heute geworden.<\/li>\n<li>Ein System ist mehr als die Summe seiner Einzelteile.<\/li>\n<li>Der Fokus liegt immer auf der Ver\u00e4nderung im Hier und Jetzt.<\/li>\n<li>Leidvolle Erfahrungen werden gew\u00fcrdigt und darin entstandene Kompetenzen und Ressourcen mit in Gegenwart und Zukunft genommen.<\/li>\n<li>Die Krise als Chance sehen lernen.<\/li>\n<li>Seine eigene, innere Landkarte entdecken.<\/li>\n<li>Ein Problem ist kein Defizit, sondern die Antwort auf einen bestimmten Kontext.<\/li>\n<\/ul>\n<p><img loading=\"lazy\" decoding=\"async\" class=\"alignnone size-full wp-image-193\" src=\"https:\/\/laranathalieaugust.de\/wp-content\/uploads\/2018\/12\/45853628_2147273088935150_3034580435427393536_n.jpg\" alt=\"\" width=\"2048\" height=\"1536\" srcset=\"https:\/\/laranathalieaugust.de\/wp-content\/uploads\/2018\/12\/45853628_2147273088935150_3034580435427393536_n.jpg 2048w, https:\/\/laranathalieaugust.de\/wp-content\/uploads\/2018\/12\/45853628_2147273088935150_3034580435427393536_n-300x225.jpg 300w, https:\/\/laranathalieaugust.de\/wp-content\/uploads\/2018\/12\/45853628_2147273088935150_3034580435427393536_n-768x576.jpg 768w, https:\/\/laranathalieaugust.de\/wp-content\/uploads\/2018\/12\/45853628_2147273088935150_3034580435427393536_n-1024x768.jpg 1024w, https:\/\/laranathalieaugust.de\/wp-content\/uploads\/2018\/12\/45853628_2147273088935150_3034580435427393536_n-1x1.jpg 1w\" sizes=\"(max-width: 2048px) 100vw, 2048px\" \/><\/p>\n<p>Beispiele f\u00fcr m\u00f6gliche Anliegen sind<\/p>\n<p><span style=\"color: #d6d022;\"><strong>Einzelberatung<\/strong>, <strong>Paarberatung<\/strong> <span style=\"color: #000000;\">oder<\/span> <strong>Familienberatung.\u00a0 <\/strong><\/span><\/p>\n<hr \/>\n<h4><strong>Beispiele f\u00fcr Methoden<\/strong><\/h4>\n<ul>\n<li>Aufstellungen am Familienbrett oder mit Figuren<\/li>\n<li>Kreatives Schreiben und Zeichnen als Mittel in der Beratung nutzen<\/li>\n<li>Systemische Fragetechniken<\/li>\n<li>Arbeit mit inneren Bildern<\/li>\n<li>Gespr\u00e4che mit Elementen der Gespr\u00e4chsf\u00fchrung nach Carl Rogers und systemischen Fragetechniken<\/li>\n<li>Arbeit mit der eigenen Lebenslinie<\/li>\n<li>Arbeit mit dem Zeitstrahl<\/li>\n<li>Arbeit mit dem Inneren Team<\/li>\n<li>Familienaufstellungen<\/li>\n<li>Hypnosystemische Beratung<\/li>\n<\/ul>\n","protected":false},"excerpt":{"rendered":"<p>Systemische Beratung ist eine Form der Lebensberatung. Sie bietet Hilfe zur Selbsthilfe. \u201e\u00c4ndere deine Gedanken und du \u00e4nderst deine Welt!\u201c Sie ist individuell und l\u00f6sungsorientiert. Der Klient erarbeitet unter meiner Anleitung seine eigenen L\u00f6sungswege und Ziele. Systemische Beratung ist ressourcenst\u00e4rkend, pers\u00f6nlichkeitsst\u00e4rkend und ganzheitlich. Sie erfasst den Klienten im Kontext all seiner sozialen Systeme, mit all [&hellip;]<\/p>\n","protected":false},"author":2,"featured_media":97,"parent":0,"menu_order":0,"comment_status":"closed","ping_status":"closed","template":"full-width.php","meta":{"footnotes":""},"class_list":["post-9","page","type-page","status-publish","has-post-thumbnail","hentry"],"_links":{"self":[{"href":"https:\/\/laranathalieaugust.de\/index.php?rest_route=\/wp\/v2\/pages\/9"}],"collection":[{"href":"https:\/\/laranathalieaugust.de\/index.php?rest_route=\/wp\/v2\/pages"}],"about":[{"href":"https:\/\/laranathalieaugust.de\/index.php?rest_route=\/wp\/v2\/types\/page"}],"author":[{"embeddable":true,"href":"https:\/\/laranathalieaugust.de\/index.php?rest_route=\/wp\/v2\/users\/2"}],"replies":[{"embeddable":true,"href":"https:\/\/laranathalieaugust.de\/index.php?rest_route=%2Fwp%2Fv2%2Fcomments&post=9"}],"version-history":[{"count":34,"href":"https:\/\/laranathalieaugust.de\/index.php?rest_route=\/wp\/v2\/pages\/9\/revisions"}],"predecessor-version":[{"id":515,"href":"https:\/\/laranathalieaugust.de\/index.php?rest_route=\/wp\/v2\/pages\/9\/revisions\/515"}],"wp:featuredmedia":[{"embeddable":true,"href":"https:\/\/laranathalieaugust.de\/index.php?rest_route=\/wp\/v2\/media\/97"}],"wp:attachment":[{"href":"https:\/\/laranathalieaugust.de\/index.php?rest_route=%2Fwp%2Fv2%2Fmedia&parent=9"}],"curies":[{"name":"wp","href":"https:\/\/api.w.org\/{rel}","templated":true}]}}